{"id":6,"date":"2009-10-07T23:00:00","date_gmt":"2009-10-07T23:00:00","guid":{"rendered":"http:\/\/aidainfo.com\/?page_id=6"},"modified":"2016-04-14T16:54:02","modified_gmt":"2016-04-14T15:54:02","slug":"formacion","status":"publish","type":"page","link":"https:\/\/aidainfo.com\/?page_id=6","title":{"rendered":"Formaci\u00f3n"},"content":{"rendered":"<p align=\"left\"> \t&nbsp;<img decoding=\"async\" loading=\"lazy\" align=\"left\" alt=\"\" border=\"2\" height=\"133\" src=\"\/images\/formacion.JPG\" width=\"200\" \/><\/p>\n<p align=\"justify\"> \t&nbsp;El alto desarrollo, crecimiento y complejidad de la sociedad&nbsp;contempor\u00e1nea exige la formaci\u00f3n de personal altamente cualificado para lograr eficientemente los objetivos de toda&nbsp; empresa entre ellas mejorar la producci\u00f3n o realizaci\u00f3n de tareas, crecimiento arm\u00f3nico y equilibrado, planeaci\u00f3n, control de las actividades y servicios que ofrece, racionalizar el trabajo humano y los recursos disponibles.&nbsp;&nbsp;&nbsp;&nbsp;<\/p>\n<p align=\"justify\"> \t&nbsp;<strong>AIDA<\/strong> organiza cursos de formaci\u00f3n espec\u00edfica para los trabajadores de las empresas asociadas, asegurando de esta.&nbsp; forma la profesionalidad y responsabilidad de las empresas,que cuentan con personal con formaci\u00f3n espec\u00edfica para cada departamento: Direcci\u00f3n, T\u00e9cnico, Log\u00edstico, Administrativo,Asuntos reglamentarios, Calidad,&nbsp; etc.<\/p>\n","protected":false},"excerpt":{"rendered":"<p>&nbsp; &nbsp;El alto desarrollo, crecimiento y complejidad de la sociedad&nbsp;contempor\u00e1nea exige la formaci\u00f3n de personal altamente cualificado para lograr eficientemente los objetivos de toda&nbsp; empresa entre ellas mejorar la producci\u00f3n o realizaci\u00f3n de tareas, crecimiento arm\u00f3nico y equilibrado, planeaci\u00f3n, control de las actividades y servicios que ofrece, racionalizar el trabajo humano y los recursos disponibles.&nbsp;&nbsp;&nbsp;&nbsp; <a href=\"https:\/\/aidainfo.com\/?page_id=6\" class=\"more-link\">...contin\u00faa leyendo<span class=\"screen-reader-text\"> \"Formaci\u00f3n\"<\/span><\/a><\/p>\n","protected":false},"author":1,"featured_media":0,"parent":0,"menu_order":1,"comment_status":"closed","ping_status":"closed","template":"","meta":[],"_links":{"self":[{"href":"https:\/\/aidainfo.com\/index.php?rest_route=\/wp\/v2\/pages\/6"}],"collection":[{"href":"https:\/\/aidainfo.com\/index.php?rest_route=\/wp\/v2\/pages"}],"about":[{"href":"https:\/\/aidainfo.com\/index.php?rest_route=\/wp\/v2\/types\/page"}],"author":[{"embeddable":true,"href":"https:\/\/aidainfo.com\/index.php?rest_route=\/wp\/v2\/users\/1"}],"replies":[{"embeddable":true,"href":"https:\/\/aidainfo.com\/index.php?rest_route=%2Fwp%2Fv2%2Fcomments&post=6"}],"version-history":[{"count":1,"href":"https:\/\/aidainfo.com\/index.php?rest_route=\/wp\/v2\/pages\/6\/revisions"}],"predecessor-version":[{"id":92,"href":"https:\/\/aidainfo.com\/index.php?rest_route=\/wp\/v2\/pages\/6\/revisions\/92"}],"wp:attachment":[{"href":"https:\/\/aidainfo.com\/index.php?rest_route=%2Fwp%2Fv2%2Fmedia&parent=6"}],"curies":[{"name":"wp","href":"https:\/\/api.w.org\/{rel}","templated":true}]}}