{"id":67,"date":"2016-04-06T16:13:23","date_gmt":"2016-04-06T16:13:23","guid":{"rendered":"http:\/\/aidainfo.com\/?page_id=67"},"modified":"2016-04-11T08:33:56","modified_gmt":"2016-04-11T08:33:56","slug":"enlaces-de-interes","status":"publish","type":"page","link":"https:\/\/aidainfo.com\/?page_id=67","title":{"rendered":"Enlaces"},"content":{"rendered":"<p>Enlaces de inter\u00e9s<\/p>\n<ul>\n<li>Administraci\u00f3n<\/li>\n<li>Organizaciones Espa\u00f1olas<\/li>\n<li>Portales Agricolas<\/li>\n<li>Univ. y Centros de Investigaci\u00f3n<\/li>\n<\/ul>\n","protected":false},"excerpt":{"rendered":"<p>Enlaces de inter\u00e9s Administraci\u00f3n Organizaciones Espa\u00f1olas Portales Agricolas Univ. y Centros de Investigaci\u00f3n<\/p>\n","protected":false},"author":1,"featured_media":0,"parent":0,"menu_order":0,"comment_status":"closed","ping_status":"closed","template":"","meta":[],"_links":{"self":[{"href":"https:\/\/aidainfo.com\/index.php?rest_route=\/wp\/v2\/pages\/67"}],"collection":[{"href":"https:\/\/aidainfo.com\/index.php?rest_route=\/wp\/v2\/pages"}],"about":[{"href":"https:\/\/aidainfo.com\/index.php?rest_route=\/wp\/v2\/types\/page"}],"author":[{"embeddable":true,"href":"https:\/\/aidainfo.com\/index.php?rest_route=\/wp\/v2\/users\/1"}],"replies":[{"embeddable":true,"href":"https:\/\/aidainfo.com\/index.php?rest_route=%2Fwp%2Fv2%2Fcomments&post=67"}],"version-history":[{"count":3,"href":"https:\/\/aidainfo.com\/index.php?rest_route=\/wp\/v2\/pages\/67\/revisions"}],"predecessor-version":[{"id":83,"href":"https:\/\/aidainfo.com\/index.php?rest_route=\/wp\/v2\/pages\/67\/revisions\/83"}],"wp:attachment":[{"href":"https:\/\/aidainfo.com\/index.php?rest_route=%2Fwp%2Fv2%2Fmedia&parent=67"}],"curies":[{"name":"wp","href":"https:\/\/api.w.org\/{rel}","templated":true}]}}